{"id":646,"date":"2011-02-09T16:27:12","date_gmt":"2011-02-09T14:27:12","guid":{"rendered":"http:\/\/io.kolonia.gda.pl\/~marta\/kuchnia\/?page_id=646"},"modified":"2022-01-30T19:11:37","modified_gmt":"2022-01-30T17:11:37","slug":"prawa-autorskie","status":"publish","type":"page","link":"https:\/\/www.kulinarnie.gda.pl\/?page_id=646","title":{"rendered":"Prawa autorskie"},"content":{"rendered":"<p style=\"text-align: center;\"><strong> O\u015bwiadczam, \u017ce jestem autork\u0105 wszystkich zdj\u0119\u0107 zamieszczonych w witrynie.<\/strong><\/p>\n<p style=\"text-align: center;\"><strong><br \/>\n<\/strong><\/p>\n<p><center><\/p>\n<p style=\"text-align: center;\"><strong><em>Jakiekolwiek kopiowanie i rozpowszechnianie tre\u015bci oraz fotografii zawartych na stronie bez zgody autorki jest zabronione, gdy\u017c \u0142amie prawa autorskie tw\u00f3rczyni witryny (Ustawa z dnia 4 lutego 1994 roku o prawie autorskim i prawach pokrewnych)<\/em>. <\/strong><\/p>\n<p><strong><font color=\"blue\">Niniejsza strona jest od\u0142amem portalu kolonia.gda.pl i wpisem gda\u0144skiego S\u0105du Okr\u0119gowego widnieje w rejestrze dziennik\u00f3w i czasopism pod numerem 1549.<\/font><\/strong><\/p>\n<p><strong>USTAWA z dnia 4 lutego 1994 r. o prawie autorskim (\u2026)<br \/>\nArt. 1. 1. Przedmiotem prawa autorskiego jest ka\u017cdy przejaw dzia\u0142alno\u015bci tw\u00f3rczej o indywidualnym charakterze,<br \/>\nustalony w jakiejkolwiek postaci, niezale\u017cnie od warto\u015bci, przeznaczenia i sposobu wyra\u017cenia (utw\u00f3r).<br \/>\n2. W szczeg\u00f3lno\u015bci przedmiotem prawa autorskiego s\u0105 utwory:<br \/>\n1) wyra\u017cone s\u0142owem, symbolami matematycznymi, znakami graficznymi (\u2026),<br \/>\n2) plastyczne,<br \/>\n3) fotograficzne<br \/>\n(\u2026)<br \/>\nArt. 115. 1. Kto przyw\u0142aszcza sobie autorstwo albo wprowadza w b\u0142\u0105d co do autorstwa ca\u0142o\u015bci lub cz\u0119\u015bci cudzego utworu (\u2026),<br \/>\npodlega grzywnie, karze ograniczenia wolno\u015bci albo pozbawienia wolno\u015bci do lat 3.<\/strong><\/p>\n<p><strong><br \/>\n<\/strong><strong><\/strong><strong><\/strong><strong>Dozwolone jest kopiowanie tekst\u00f3w i fotografii na w\u0142asny, prywatny u\u017cytek.<\/strong><\/p>\n<p style=\"text-align: center;\"><strong><br \/>\n<\/strong><\/p>\n<p style=\"text-align: center;\"><strong>Absolutnie niedopuszczalne jest wykorzystywanie materia\u0142\u00f3w strony w celach komercyjnych oraz w tworzeniu w\u0142asnych stron internetowych!<\/strong><\/p>\n<p style=\"text-align: center;\"><strong><br \/>\n<\/strong><\/p>\n<p style=\"text-align: center;\"><strong>Je\u015bli chcesz zamie\u015bci\u0107 na swojej stronie m\u00f3j tekst lub zdj\u0119cie, napisz do mnie.<\/strong><\/p>\n<p><\/center><\/p>\n","protected":false},"excerpt":{"rendered":"<p>O\u015bwiadczam, \u017ce jestem autork\u0105 wszystkich zdj\u0119\u0107 zamieszczonych w witrynie. Jakiekolwiek kopiowanie i rozpowszechnianie tre\u015bci oraz fotografii zawartych na stronie bez zgody autorki jest zabronione, gdy\u017c \u0142amie prawa autorskie tw\u00f3rczyni witryny (Ustawa z dnia 4 lutego 1994 roku o prawie autorskim i prawach pokrewnych). Niniejsza strona jest od\u0142amem portalu kolonia.gda.pl i wpisem gda\u0144skiego S\u0105du Okr\u0119gowego widnieje [&hellip;]<\/p>\n","protected":false},"author":1,"featured_media":0,"parent":0,"menu_order":0,"comment_status":"open","ping_status":"closed","template":"","meta":[],"_links":{"self":[{"href":"https:\/\/www.kulinarnie.gda.pl\/index.php?rest_route=\/wp\/v2\/pages\/646"}],"collection":[{"href":"https:\/\/www.kulinarnie.gda.pl\/index.php?rest_route=\/wp\/v2\/pages"}],"about":[{"href":"https:\/\/www.kulinarnie.gda.pl\/index.php?rest_route=\/wp\/v2\/types\/page"}],"author":[{"embeddable":true,"href":"https:\/\/www.kulinarnie.gda.pl\/index.php?rest_route=\/wp\/v2\/users\/1"}],"replies":[{"embeddable":true,"href":"https:\/\/www.kulinarnie.gda.pl\/index.php?rest_route=%2Fwp%2Fv2%2Fcomments&post=646"}],"version-history":[{"count":4,"href":"https:\/\/www.kulinarnie.gda.pl\/index.php?rest_route=\/wp\/v2\/pages\/646\/revisions"}],"predecessor-version":[{"id":2466,"href":"https:\/\/www.kulinarnie.gda.pl\/index.php?rest_route=\/wp\/v2\/pages\/646\/revisions\/2466"}],"wp:attachment":[{"href":"https:\/\/www.kulinarnie.gda.pl\/index.php?rest_route=%2Fwp%2Fv2%2Fmedia&parent=646"}],"curies":[{"name":"wp","href":"https:\/\/api.w.org\/{rel}","templated":true}]}}