{"id":4284,"date":"2022-03-26T18:35:31","date_gmt":"2022-03-26T16:35:31","guid":{"rendered":"http:\/\/www.kulinarnie.gda.pl\/?page_id=4284"},"modified":"2022-03-26T18:39:07","modified_gmt":"2022-03-26T16:39:07","slug":"kontakt","status":"publish","type":"page","link":"https:\/\/www.kulinarnie.gda.pl\/?page_id=4284","title":{"rendered":"Kontakt"},"content":{"rendered":"<p style=\"text-align: center;\">Ze wzgl\u0119du na du\u017c\u0105 ilo\u015b\u0107 spamu, zainteresowanych kontaktem ze mn\u0105 zapraszam na facebookow\u0105 ods\u0142on\u0119 strony Kulinarnie i skorzystanie z wiadomo\u015bci prywatnej.<br \/>\n<a href=\"https:\/\/www.facebook.com\/kulinarnie\">Kulinarnie na FB<br \/>\n<img loading=\"lazy\" class=\"alignnone size-full wp-image-4290\" src=\"https:\/\/www.kulinarnie.gda.pl\/wp-content\/uploads\/2022\/03\/fb.jpg\" alt=\"\" width=\"100\" height=\"100\" \/><\/a><\/p>\n","protected":false},"excerpt":{"rendered":"<p>Ze wzgl\u0119du na du\u017c\u0105 ilo\u015b\u0107 spamu, zainteresowanych kontaktem ze mn\u0105 zapraszam na facebookow\u0105 ods\u0142on\u0119 strony Kulinarnie i skorzystanie z wiadomo\u015bci prywatnej. Kulinarnie na FB<\/p>\n","protected":false},"author":1,"featured_media":0,"parent":0,"menu_order":0,"comment_status":"closed","ping_status":"closed","template":"","meta":[],"_links":{"self":[{"href":"https:\/\/www.kulinarnie.gda.pl\/index.php?rest_route=\/wp\/v2\/pages\/4284"}],"collection":[{"href":"https:\/\/www.kulinarnie.gda.pl\/index.php?rest_route=\/wp\/v2\/pages"}],"about":[{"href":"https:\/\/www.kulinarnie.gda.pl\/index.php?rest_route=\/wp\/v2\/types\/page"}],"author":[{"embeddable":true,"href":"https:\/\/www.kulinarnie.gda.pl\/index.php?rest_route=\/wp\/v2\/users\/1"}],"replies":[{"embeddable":true,"href":"https:\/\/www.kulinarnie.gda.pl\/index.php?rest_route=%2Fwp%2Fv2%2Fcomments&post=4284"}],"version-history":[{"count":3,"href":"https:\/\/www.kulinarnie.gda.pl\/index.php?rest_route=\/wp\/v2\/pages\/4284\/revisions"}],"predecessor-version":[{"id":4292,"href":"https:\/\/www.kulinarnie.gda.pl\/index.php?rest_route=\/wp\/v2\/pages\/4284\/revisions\/4292"}],"wp:attachment":[{"href":"https:\/\/www.kulinarnie.gda.pl\/index.php?rest_route=%2Fwp%2Fv2%2Fmedia&parent=4284"}],"curies":[{"name":"wp","href":"https:\/\/api.w.org\/{rel}","templated":true}]}}